{"id":344,"date":"2025-08-14T04:52:51","date_gmt":"2025-08-14T04:52:51","guid":{"rendered":"https:\/\/amviwo.cl\/?post_type=product&#038;p=344"},"modified":"2025-08-14T04:52:52","modified_gmt":"2025-08-14T04:52:52","slug":"collar-bandana-corazon-escarlata","status":"publish","type":"product","link":"https:\/\/amviwo.cl\/?product=collar-bandana-corazon-escarlata","title":{"rendered":"Collar Bandana Coraz\u00f3n Escarlata"},"content":{"rendered":"<p class=\"p1\"><span class=\"s1\">El <\/span><span class=\"s2\">Collar Coraz\u00f3n Escarlata<\/span><span class=\"s1\"> combina fuerza y delicadeza en un dise\u00f1o \u00fanico. Confeccionado con cinta de sat\u00e9n rojo entrelazada con patr\u00f3n blanco y negro tipo \u201cpata de gallo\u201d, este accesorio resalta por su dije met\u00e1lico en forma de coraz\u00f3n sagrado, adornado con un peque\u00f1o cristal rojo que le aporta brillo y car\u00e1cter. <\/span><\/p>\n<p class=\"p1\"><span class=\"s1\">Una pieza ideal para quienes buscan un estilo distintivo con inspiraci\u00f3n artesanal y simbolog\u00eda poderosa.<\/span><\/p>\n<p>Largo Total: 60 cm<\/p>\n","protected":false},"excerpt":{"rendered":"<p class=\"p1\"><span class=\"s1\">Collar de sat\u00e9n rojo con patr\u00f3n blanco y negro, decorado con dije plateado de coraz\u00f3n sagrado en relieve.<\/span><\/p>\n","protected":false},"featured_media":201,"comment_status":"open","ping_status":"closed","template":"","meta":[],"product_brand":[],"product_cat":[29],"product_tag":[],"class_list":{"0":"post-344","1":"product","2":"type-product","3":"status-publish","4":"has-post-thumbnail","6":"product_cat-bandana","8":"first","9":"instock","10":"sale","11":"sold-individually","12":"shipping-taxable","13":"purchasable","14":"product-type-simple"},"jetpack_sharing_enabled":true,"_links":{"self":[{"href":"https:\/\/amviwo.cl\/index.php?rest_route=\/wp\/v2\/product\/344","targetHints":{"allow":["GET"]}}],"collection":[{"href":"https:\/\/amviwo.cl\/index.php?rest_route=\/wp\/v2\/product"}],"about":[{"href":"https:\/\/amviwo.cl\/index.php?rest_route=\/wp\/v2\/types\/product"}],"replies":[{"embeddable":true,"href":"https:\/\/amviwo.cl\/index.php?rest_route=%2Fwp%2Fv2%2Fcomments&post=344"}],"wp:featuredmedia":[{"embeddable":true,"href":"https:\/\/amviwo.cl\/index.php?rest_route=\/wp\/v2\/media\/201"}],"wp:attachment":[{"href":"https:\/\/amviwo.cl\/index.php?rest_route=%2Fwp%2Fv2%2Fmedia&parent=344"}],"wp:term":[{"taxonomy":"product_brand","embeddable":true,"href":"https:\/\/amviwo.cl\/index.php?rest_route=%2Fwp%2Fv2%2Fproduct_brand&post=344"},{"taxonomy":"product_cat","embeddable":true,"href":"https:\/\/amviwo.cl\/index.php?rest_route=%2Fwp%2Fv2%2Fproduct_cat&post=344"},{"taxonomy":"product_tag","embeddable":true,"href":"https:\/\/amviwo.cl\/index.php?rest_route=%2Fwp%2Fv2%2Fproduct_tag&post=344"}],"curies":[{"name":"wp","href":"https:\/\/api.w.org\/{rel}","templated":true}]}}